{"id":4722,"date":"2016-03-09T16:25:55","date_gmt":"2016-03-09T16:25:55","guid":{"rendered":"http:\/\/node.edge-themes.com\/?page_id=2478"},"modified":"2022-10-07T11:08:52","modified_gmt":"2022-10-07T16:08:52","slug":"zonabiker-proximamente","status":"publish","type":"page","link":"https:\/\/territoriobiker.com\/","title":{"rendered":"Pr\u00f3ximamente Zona Biker se transforma"},"content":{"rendered":"<p>[vc_row row_type=&#8221;parallax&#8221; content_width=&#8221;grid&#8221; content_aligment=&#8221;center&#8221; full_screen_section_height=&#8221;yes&#8221; vertically_align_content_in_middle=&#8221;yes&#8221; parallax_background_image=&#8221;9124&#8243;][vc_column css=&#8221;.vc_custom_1457600939113{padding-right: 14% !important;padding-left: 14% !important;}&#8221;]\n<div class=\"edgtf-custom-font-holder\" style=\"font-family: Poppins;font-size: 105px;line-height: 105px;font-weight: 600;letter-spacing: 0px;text-transform: Capitalize;color: #ffffff\" data-font-size= 105 data-line-height= 105>\n\tPr\u00f3ximamente<span style=\"color: #ca0002;\">!<\/span>\t<\/div>[vc_empty_space height=&#8221;2px&#8221;]\n<div class=\"edgtf-custom-font-holder\" style=\"font-family: Poppins;font-size: 22px;line-height: 31px;font-weight: 300;letter-spacing: 0px;color: #ffffff\" data-font-size= 22 data-line-height= 31>\n\t\n<p style=\"text-align: center;\">Despu\u00e9s de 16 a\u00f1os escribiendo la historia de los eventos de motocicletas de alto cilindraje en Colombia y Latinoam\u00e9rica, ZONA BIKER se transforma, cambia, se adapta nuevamente a las tendencias para recuperar la fuerza y posicionarse como la m\u00e1s grande comunidad biker de habla hispana.<\/p>\n\t<\/div><div class=\"edgtf-separator-holder clearfix  edgtf-separator-center edgtf-separator-full-width\">\n\t<div class=\"edgtf-separator\" style=\"border-color: #ffffff;border-style: dashed;border-bottom-width: 1px;margin-top: 6px;margin-bottom: 28px\"><\/div>\n<\/div>\n<div class=\"edgtf-countdown\" id=\"countdown3370\" data-year=\"2022\" data-month=\"12\" data-day=\"1\" data-hour=\"22\" data-minute=\"0\" data-month-label=\"Meses\" data-day-label=\"D\u00edas\" data-hour-label=\"Horas\" data-minute-label=\"Minutos\" data-second-label=\"Segundos\" data-digit-color=\"#ffffff\" data-label-color=\"#ca0002\" data-digit-size=\"80\" data-label-size=\"18\"><\/div>\n<div class=\"edgtf-separator-holder clearfix  edgtf-separator-center edgtf-separator-full-width\">\n\t<div class=\"edgtf-separator\" style=\"border-color: #ffffff;border-style: dashed;border-bottom-width: 1px;margin-top: 32px;margin-bottom: 41px\"><\/div>\n<\/div>\n[vc_row_inner content_aligment=&#8221;center&#8221; css=&#8221;.vc_custom_1457605909255{padding-top: 20px !important;}&#8221;][vc_column_inner]\n    <span class=\"edgtf-icon-shortcode normal\" style=\"margin: 0 9px 0 0\" data-hover-color=\"#ca0002\" data-color=\"#ffffff\">\n                    <a href=\"https:\/\/www.facebook.com\/ZonaBiker.PF\"  target=\"_blank\">\n        \n        <span class=\"edgtf-icon-ico-moon icomoon-icon-facebook edgtf-icon-element\" style=\"color: #ffffff;font-size:14px\" ><\/span>\n                    <\/a>\n            <\/span>\n\n\n    <span class=\"edgtf-icon-shortcode normal\" style=\"margin: 0 16px 0 0\" data-hover-color=\"#ca0002\" data-color=\"#ffffff\">\n                    <a href=\"https:\/\/www.instagram.com\/zona_biker\/\"  target=\"_blank\">\n        \n        <span class=\"edgtf-icon-ico-moon icomoon-icon-instagram edgtf-icon-element\" style=\"color: #ffffff;font-size:14px\" ><\/span>\n                    <\/a>\n            <\/span>\n\n\n    <span class=\"edgtf-icon-shortcode normal\" style=\"margin: 0 12px 0 0\" data-hover-color=\"#ca0002\" data-color=\"#ffffff\">\n                    <a href=\"https:\/\/www.youtube.com\/user\/zonabiker\"  target=\"_blank\">\n        \n        <span class=\"edgtf-icon-ico-moon icomoon-icon-youtube edgtf-icon-element\" style=\"color: #ffffff;font-size:14px\" ><\/span>\n                    <\/a>\n            <\/span>\n\n\n    <span class=\"edgtf-icon-shortcode normal\" style=\"margin: 0 11px 0 0\" data-hover-color=\"#ca0002\" data-color=\"#ffffff\">\n                    <a href=\"https:\/\/twitter.com\/zonabiker\"  target=\"_blank\">\n        \n        <span class=\"edgtf-icon-ico-moon icomoon-icon-twitter edgtf-icon-element\" style=\"color: #ffffff;font-size:14px\" ><\/span>\n                    <\/a>\n            <\/span>\n\n[\/vc_column_inner][\/vc_row_inner][\/vc_column][\/vc_row]<\/p>\n","protected":false},"excerpt":{"rendered":"<p>[vc_row row_type=&#8221;parallax&#8221; content_width=&#8221;grid&#8221; content_aligment=&#8221;center&#8221; full_screen_section_height=&#8221;yes&#8221; vertically_align_content_in_middle=&#8221;yes&#8221; parallax_background_image=&#8221;9124&#8243;][vc_column css=&#8221;.vc_custom_1457600939113{padding-right: 14% !important;padding-left: 14% !important;}&#8221;][vc_empty_space height=&#8221;2px&#8221;][vc_row_inner content_aligment=&#8221;center&#8221; css=&#8221;.vc_custom_1457605909255{padding-top: 20px !important;}&#8221;][vc_column_inner][\/vc_column_inner][\/vc_row_inner][\/vc_column][\/vc_row]<\/p>\n","protected":false},"author":1,"featured_media":0,"parent":0,"menu_order":0,"comment_status":"closed","ping_status":"closed","template":"landing-page.php","meta":{"om_disable_all_campaigns":false,"_mi_skip_tracking":false,"footnotes":""},"class_list":["post-4722","page","type-page","status-publish","hentry"],"aioseo_notices":[],"_links":{"self":[{"href":"https:\/\/territoriobiker.com\/index.php\/wp-json\/wp\/v2\/pages\/4722","targetHints":{"allow":["GET"]}}],"collection":[{"href":"https:\/\/territoriobiker.com\/index.php\/wp-json\/wp\/v2\/pages"}],"about":[{"href":"https:\/\/territoriobiker.com\/index.php\/wp-json\/wp\/v2\/types\/page"}],"author":[{"embeddable":true,"href":"https:\/\/territoriobiker.com\/index.php\/wp-json\/wp\/v2\/users\/1"}],"replies":[{"embeddable":true,"href":"https:\/\/territoriobiker.com\/index.php\/wp-json\/wp\/v2\/comments?post=4722"}],"version-history":[{"count":8,"href":"https:\/\/territoriobiker.com\/index.php\/wp-json\/wp\/v2\/pages\/4722\/revisions"}],"predecessor-version":[{"id":9126,"href":"https:\/\/territoriobiker.com\/index.php\/wp-json\/wp\/v2\/pages\/4722\/revisions\/9126"}],"wp:attachment":[{"href":"https:\/\/territoriobiker.com\/index.php\/wp-json\/wp\/v2\/media?parent=4722"}],"curies":[{"name":"wp","href":"https:\/\/api.w.org\/{rel}","templated":true}]}}