{"id":146,"date":"2011-12-15T01:55:09","date_gmt":"2011-12-15T06:55:09","guid":{"rendered":"http:\/\/zonabiker.com\/?page_id=146"},"modified":"2011-12-15T01:55:09","modified_gmt":"2011-12-15T06:55:09","slug":"quienes-somos-zona-biker","status":"publish","type":"page","link":"https:\/\/territoriobiker.com\/index.php\/quienes-somos-zona-biker\/","title":{"rendered":"\u00bfQuienes Somos ZONA BIKER?"},"content":{"rendered":"<h1>\u00bfQUIENES SOMOS ZONA BIKER?<\/h1>\n<div id=\"attachment_2056\" style=\"width: 260px\" class=\"wp-caption alignleft\"><a href=\"http:\/\/zonabiker.com\/quienes-somos-zona-biker\/elegancia\/\" target=\"_blank\" rel=\"attachment wp-att-2056 noopener\"><img loading=\"lazy\" decoding=\"async\" aria-describedby=\"caption-attachment-2056\" class=\"wp-image-2056\" title=\"Juan Pablo Mart\u00ednez Vila - Web Master de www.zonabiker.com\" src=\"http:\/\/zonabiker.com\/wp-content\/uploads\/2011\/12\/Elegancia.jpg\" alt=\"Juan Pablo Mart\u00ednez Vila\" width=\"250\" height=\"444\" \/><\/a><p id=\"caption-attachment-2056\" class=\"wp-caption-text\">Juan Pablo Mart\u00ednez Vila &#8211; Web Master de www.zonabiker.com<\/p><\/div>\n<p style=\"padding-left: 60px; text-align: justify;\">Hola amigos, mi nombre es Juan Pablo Mart\u00ednez y soy el creador de www.zonabiker.com, el punto de encuentro de los bikers de habla hispana y les quiero contar un poco acerca de nuestra historia y quienes hacen parte de este proyecto.<\/p>\n<p style=\"padding-left: 60px; text-align: justify;\">Estudi\u00e9 Ingenier\u00eda de Sistemas en la Universidad Industrial de Santander UIS y Tecnolog\u00eda en Dise\u00f1o Gr\u00e1fico Publicitario en la Universidad de Santander UDES; actualmente soy empresario del \u00e1rea de la publicidad; tengo una agencia de publicidad llamada LINK Publicidad y Tecnolog\u00eda (<a title=\"LINK Publicidad y Tecnolog\u00eda\" href=\"http:\/\/www.linkpyt.com\" target=\"_blank\" rel=\"noopener\">www.linkpyt.com<\/a>) ubicada en la ciudad de Bucaramanga.<\/p>\n<p style=\"padding-left: 60px; text-align: justify;\">ZONA BIKER naci\u00f3 en Bucaramanga (Colombia) aproximadamente a mediados del mes de mayo del a\u00f1o 2006 y finalmente vio la luz el 15 de agosto del mismo a\u00f1o. La idea surgi\u00f3 porque por esa \u00e9poca en Colombia no exist\u00eda un sitio web dedicado al mundo de las motos custom;\u00a0lo que se encontraba de moda en el momento eran los foros, principalmente de otros pa\u00edses y aunque los foros le permit\u00edan a la gente comunicarse, no era el medio ideal para encontrar informaci\u00f3n acerca del mundo de las motos, me refiero a art\u00edculos sobre mec\u00e1nica, viajes, turismo, eventos, motocicletas, custom y estos temas que tanto me apasionan; toda la informaci\u00f3n del mundo custom proven\u00eda de Espa\u00f1a y los Estados Unidos pero Colombia no produc\u00eda ning\u00fan contenido de este tipo, ni siquiera Latinoam\u00e9rica. Como fan\u00e1tico de las motos custom mi mayor fuente de informaci\u00f3n eran las revistas que llegaban desde Espa\u00f1a y que se pod\u00edan conseguir en muy pocos kioscos; por esa \u00e9poca circulaban las revistas impresas Custom Machines y Biker Zone, por supuesto que solo se pod\u00edan comprar con un atraso de 6 meses y hasta un a\u00f1o con respecto a la fecha de compra.<\/p>\n<p style=\"padding-left: 60px; text-align: justify;\">De estas revistas proviene mi inspiraci\u00f3n y en ese momento por una fuerte influencia Espa\u00f1ola, decid\u00ed llamar al proyecto ZONA BIKER; si, ya s\u00e9, nada original, pero era un nombre que me parec\u00eda muy acorde con la idea del proyecto, ZONA porque era una zona virtual en donde todos los BIKERS de Colombia y Latinoam\u00e9rica podr\u00edan encontrar informaci\u00f3n principalmente acerca de los eventos que se programaban en Colombia.<\/p>\n<p style=\"padding-left: 60px; text-align: justify;\">ZONA BIKER es un proyecto familiar, lo conformamos mi esposa Emilia Guti\u00e9rrez y yo; no tenemos socios pero si muy buenos colaboradores que se podr\u00edan considerar como socios, personas que por su amistad y su profundo amor por Colombia y el motociclismo\u00a0nos ayudan, apoyan y colaboran, dedicando su tiempo y dinero para continuar con este proyecto; sin ese apoyo el proyecto no hubiera llegado tan lejos.\u00a0Es indiscutible que sin el apoyo econ\u00f3mico de los organizadores de los eventos (todos los eventos que aqu\u00ed aparecen pagan por su publicidad) ZONA BIKER no podr\u00eda continuar su labor informativa. Con los a\u00f1os y con mucho esfuerzo este proyecto se a convertido en un pilar fundamental de la cultura custom de Colombia, es sin lugar a dudas el compendio hist\u00f3rico m\u00e1s grande que existe de los eventos de motos que se han realizado en Colombia desde el a\u00f1o 2006 hasta la fecha y eso lo demuestran las m\u00e1s de 18.000 fotograf\u00edas que aqu\u00ed se encuentran publicadas.<\/p>\n<p style=\"padding-left: 60px; text-align: justify;\">Espero que sea de su agrado y que nos sigan acompa\u00f1ando por muchos a\u00f1os m\u00e1s.<\/p>\n<div id=\"attachment_2059\" style=\"width: 310px\" class=\"wp-caption alignleft\"><a href=\"http:\/\/zonabiker.com\/quienes-somos-zona-biker\/emilia-gutierrez\/\" rel=\"attachment wp-att-2059\"><img loading=\"lazy\" decoding=\"async\" aria-describedby=\"caption-attachment-2059\" class=\"size-medium wp-image-2059\" src=\"http:\/\/zonabiker.com\/wp-content\/uploads\/2011\/12\/Emilia-Gutierrez-300x225.jpg\" alt=\"Emilia Guti\u00e9rrez Serrano\" width=\"300\" height=\"225\" \/><\/a><p id=\"caption-attachment-2059\" class=\"wp-caption-text\">Emilia Guti\u00e9rrez Serrano &#8211; Fot\u00f3grafa Principal de www.zonabiker.com<\/p><\/div>\n<p style=\"padding-left: 60px; text-align: justify;\">Emilia Guti\u00e9rrez Serrano, Ingeniera de Dise\u00f1o y Automatizaci\u00f3n Electr\u00f3nica de la Universidad De La Salle de Bogot\u00e1, Especialista en Telecomunicaciones de la Universidad Industrial de Santander UIS; actualmente es docente del \u00e1rea de Inform\u00e1tica y Dise\u00f1o Web del Colegio Gimnasio Pontevedra de la ciudad de Bucaramanga.<\/p>\n<p style=\"padding-left: 60px; text-align: justify;\">La pueden haber visto en infinidad de eventos siempre con una c\u00e1mara fotogr\u00e1fica en sus manos, siempre dispuesta a colaborar y prestar ayuda a quien la necesite. Es la fot\u00f3grafa oficial y principal de nuestro portal web, a ella debemos la gran mayor\u00eda del trabajo que aqu\u00ed exponemos.<\/p>\n<p style=\"padding-left: 60px; text-align: justify;\">Tambi\u00e9n cumple con la labor de editora, corrige y autoriza las publicaciones que se realizan en el portal web, censura y edita las cr\u00f3nicas, reportajes, art\u00edculos y editoriales del sitio web. De su autor\u00eda son algunas publicaciones como la que se t\u00edtula Con Ojos de Mujer.<\/p>\n<div id=\"attachment_2060\" style=\"width: 310px\" class=\"wp-caption alignleft\"><a href=\"http:\/\/zonabiker.com\/quienes-somos-zona-biker\/ricardo-y-paty\/\" rel=\"attachment wp-att-2060\"><img loading=\"lazy\" decoding=\"async\" aria-describedby=\"caption-attachment-2060\" class=\"size-medium wp-image-2060\" src=\"http:\/\/zonabiker.com\/wp-content\/uploads\/2011\/12\/Ricardo-y-Paty-300x199.jpg\" alt=\"Nelson Ricardo Maldonado y Liliana Patricia Vargas\" width=\"300\" height=\"199\" \/><\/a><p id=\"caption-attachment-2060\" class=\"wp-caption-text\">Nelson Ricardo Maldonado y Liliana Patricia Vargas, principales colaboradores de www.zonabiker.com<\/p><\/div>\n<p style=\"padding-left: 60px; text-align: justify;\">Nelson Ricardo Maldonado Quintero, Administrador de Empresas Agropecuarias de la Universidad Santo Tom\u00e1s de la ciudad de Bucaramanga, Especialista en Ingenier\u00eda Ambiental y actualmente trabaja en el departamento de Medio Ambiente de la C<span style=\"color: #3e454c;\">oncesi\u00f3n autopista Bogot\u00e1 &#8211; Girardot<\/span>.<\/p>\n<p style=\"padding-left: 60px; text-align: justify;\">Viaja en compa\u00f1\u00eda de su esposa Liliana Patricia Vargas, psic\u00f3loga de profesi\u00f3n, <span style=\"color: #3e454c;\">especialista en salud ocupacional<\/span>\u00a0y quien actualmente trabaja con la Polic\u00eda Nacional en el \u00e1rea de Capacitaci\u00f3n y Docencia. Juntos nos han tra\u00eddo innumerables cr\u00f3nicas y cientos de fotos de diferentes encuentros nacionales de motos de alto cilindraje, grandes colaboradores de esta causa y un apoyo invaluable en la zona centro del pa\u00eds.<\/p>\n<p style=\"padding-left: 60px; text-align: justify;\">Para identificarlos en un evento solo vasta con ubicar una motocicleta Honda VTX 1300R de color negro que siempre porta un demonio de Tasmania, el popular personaje de la\u00a0<span style=\"color: #545454;\">Warner Brothers y presentado en la serie Looney Tunes.<\/span><\/p>\n<div id=\"attachment_2062\" style=\"width: 310px\" class=\"wp-caption alignleft\"><a href=\"http:\/\/zonabiker.com\/quienes-somos-zona-biker\/diego-suero\/\" rel=\"attachment wp-att-2062\"><img loading=\"lazy\" decoding=\"async\" aria-describedby=\"caption-attachment-2062\" class=\"size-medium wp-image-2062\" src=\"http:\/\/zonabiker.com\/wp-content\/uploads\/2011\/12\/Diego-Suero-300x225.jpg\" alt=\"Diego Fernando Suero y Ang\u00e9lica Callejas\" width=\"300\" height=\"225\" \/><\/a><p id=\"caption-attachment-2062\" class=\"wp-caption-text\">Diego Fernando Suero y Ang\u00e9lica Callejas, principales colaboradores de www.zonabiker.com<\/p><\/div>\n<p style=\"padding-left: 60px; text-align: justify;\">Diego Fernando Suero es Ingeniero Mec\u00e1nico y actualmente cursa estudios de Doctorado en Ingenier\u00eda Industrial, actividad que alterna con su labor como docente en una prestigiosa universidad de la ciudad de Barranquilla.<\/p>\n<p style=\"padding-left: 60px; text-align: justify;\">Viaja en compa\u00f1\u00eda de su ahora esposa Ang\u00e9lica Callejas quien es Ingeniera de Alimentos e Interventora en Seguridad Alimentaria; colaboradores desde el principio de este proyecto; este par de aventureros son quiz\u00e1s quienes m\u00e1s lejos en t\u00e9rminos de distancia, han llevado el nombre de ZONA BIKER; nos han representado en Per\u00fa, Argentina (Hasta La Patagonia) y en los Estados Unidos (Daytona Bike Week). Su pasi\u00f3n por las motocicletas, los viajes y la aventura los a llevado por diferentes estilos y tipos de motociclismo, actualmente ruedan en una Yamaha R6R de color negro y son nuestro m\u00e1s importante apoyo en regi\u00f3n de la costa atl\u00e1ntica de nuestro pa\u00eds.<\/p>\n","protected":false},"excerpt":{"rendered":"<p>\u00bfQUIENES SOMOS ZONA BIKER? Hola amigos, mi nombre es Juan Pablo Mart\u00ednez y soy el creador de www.zonabiker.com, el punto de encuentro de los bikers de habla hispana y les quiero contar un poco acerca de nuestra historia y quienes hacen parte de este proyecto&#8230;.<\/p>\n","protected":false},"author":1,"featured_media":0,"parent":0,"menu_order":0,"comment_status":"open","ping_status":"open","template":"","meta":{"om_disable_all_campaigns":false,"_mi_skip_tracking":false,"footnotes":""},"class_list":["post-146","page","type-page","status-publish","hentry"],"aioseo_notices":[],"_links":{"self":[{"href":"https:\/\/territoriobiker.com\/index.php\/wp-json\/wp\/v2\/pages\/146","targetHints":{"allow":["GET"]}}],"collection":[{"href":"https:\/\/territoriobiker.com\/index.php\/wp-json\/wp\/v2\/pages"}],"about":[{"href":"https:\/\/territoriobiker.com\/index.php\/wp-json\/wp\/v2\/types\/page"}],"author":[{"embeddable":true,"href":"https:\/\/territoriobiker.com\/index.php\/wp-json\/wp\/v2\/users\/1"}],"replies":[{"embeddable":true,"href":"https:\/\/territoriobiker.com\/index.php\/wp-json\/wp\/v2\/comments?post=146"}],"version-history":[{"count":0,"href":"https:\/\/territoriobiker.com\/index.php\/wp-json\/wp\/v2\/pages\/146\/revisions"}],"wp:attachment":[{"href":"https:\/\/territoriobiker.com\/index.php\/wp-json\/wp\/v2\/media?parent=146"}],"curies":[{"name":"wp","href":"https:\/\/api.w.org\/{rel}","templated":true}]}}